{"id":93,"date":"2023-04-28T11:13:06","date_gmt":"2023-04-28T11:13:06","guid":{"rendered":"https:\/\/varor.de\/?post_type=product&#038;p=93"},"modified":"2024-07-11T08:53:31","modified_gmt":"2024-07-11T08:53:31","slug":"ac-el-1","status":"publish","type":"product","link":"https:\/\/varor.de\/en\/shop\/zubehoer\/ersatzteile\/ac-el-1\/","title":{"rendered":"Heating element"},"content":{"rendered":"<p>Die Heizelemente sind das einzige Verschlei\u00dfteil der Zigarettenanz\u00fcnder. F\u00fcr eine einfache Handhabung sind sie sehr simpel zu wechseln. Das Ersatzteil ist f\u00fcr s\u00e4mtliche Produkte aus der Ozilite Produktpalette einsetzbar.<\/p>\n<p>&nbsp;<\/p>","protected":false},"excerpt":{"rendered":"<p>Die Heizelemente sind das einzige Verschlei\u00dfteil der Zigarettenanz\u00fcnder. F\u00fcr eine einfache Handhabung sind sie sehr simpel zu wechseln. Das Ersatzteil ist f\u00fcr s\u00e4mtliche Produkte aus der Ozilite Produktpalette einsetzbar. &nbsp;<\/p>","protected":false},"featured_media":26,"comment_status":"closed","ping_status":"closed","template":"","meta":{"_monsterinsights_skip_tracking":false,"_monsterinsights_sitenote_active":false,"_monsterinsights_sitenote_note":"","_monsterinsights_sitenote_category":0,"advanced_seo_description":"","jetpack_seo_html_title":"","jetpack_seo_noindex":false},"product_brand":[],"product_cat":[38],"product_tag":[],"class_list":{"0":"post-93","1":"product","2":"type-product","3":"status-publish","4":"has-post-thumbnail","6":"product_cat-ersatzteile","7":"product_shipping_class-klein","9":"first","10":"instock","11":"taxable","12":"shipping-taxable","13":"purchasable","14":"product-type-simple"},"jetpack_sharing_enabled":true,"_links":{"self":[{"href":"https:\/\/varor.de\/en\/wp-json\/wp\/v2\/product\/93","targetHints":{"allow":["GET"]}}],"collection":[{"href":"https:\/\/varor.de\/en\/wp-json\/wp\/v2\/product"}],"about":[{"href":"https:\/\/varor.de\/en\/wp-json\/wp\/v2\/types\/product"}],"replies":[{"embeddable":true,"href":"https:\/\/varor.de\/en\/wp-json\/wp\/v2\/comments?post=93"}],"wp:featuredmedia":[{"embeddable":true,"href":"https:\/\/varor.de\/en\/wp-json\/wp\/v2\/media\/26"}],"wp:attachment":[{"href":"https:\/\/varor.de\/en\/wp-json\/wp\/v2\/media?parent=93"}],"wp:term":[{"taxonomy":"product_brand","embeddable":true,"href":"https:\/\/varor.de\/en\/wp-json\/wp\/v2\/product_brand?post=93"},{"taxonomy":"product_cat","embeddable":true,"href":"https:\/\/varor.de\/en\/wp-json\/wp\/v2\/product_cat?post=93"},{"taxonomy":"product_tag","embeddable":true,"href":"https:\/\/varor.de\/en\/wp-json\/wp\/v2\/product_tag?post=93"}],"curies":[{"name":"wp","href":"https:\/\/api.w.org\/{rel}","templated":true}]}}