{"id":92,"date":"2023-04-28T11:11:11","date_gmt":"2023-04-28T11:11:11","guid":{"rendered":"https:\/\/varor.de\/?post_type=product&#038;p=92"},"modified":"2023-09-04T09:47:14","modified_gmt":"2023-09-04T09:47:14","slug":"ashwt-1-aschenbecher","status":"publish","type":"product","link":"https:\/\/varor.de\/en\/shop\/zubehoer\/ashwt-1-aschenbecher\/","title":{"rendered":"ASHWT 1 Ashtray"},"content":{"rendered":"<p>Sp\u00e4testens seit dem Raucherschutzgesetz sind Raucher gezwungen in extra R\u00e4umlichkeiten oder in Au\u00dfenbereichen zu rauchen. Vor allem vor B\u00fcrogeb\u00e4uden liegen h\u00e4ufig Kippenreste auf dem Boden oder schwimmen in nicht wetterfesten Pf\u00fctzen in vollgeregneten Aschenbechern.<\/p>\n<p>Der Ozilite Aschenbecher ist platzsparend, wetterfest und durch seine 1,2mm dicke Edelstahlwandung praktisch unzerst\u00f6rbar. Er wird \u00a0\u00dcber eine abschlie\u00dfbare Klappe an der Unterseite ist er mit wenigen Handgriffen zu leeren.<\/p>\n<p>Das Design besticht durch schlichte Zur\u00fcckhaltung und praktikabilit\u00e4tsorientierte Formgebung.<\/p>\n<ul>\n<li>Hergestellt aus 1,2mm Edelstahl<\/li>\n<li>Gewicht: 1,2 kg<\/li>\n<li>Ma\u00dfe: 46x8cm<\/li>\n<li>Schl\u00fcssel im Lieferumfang enthalten<\/li>\n<\/ul>","protected":false},"excerpt":{"rendered":"<p>Sp\u00e4testens seit dem Raucherschutzgesetz sind Raucher gezwungen in extra R\u00e4umlichkeiten oder in Au\u00dfenbereichen zu rauchen. Vor allem vor B\u00fcrogeb\u00e4uden liegen h\u00e4ufig Kippenreste auf dem Boden oder schwimmen in nicht wetterfesten Pf\u00fctzen in vollgeregneten Aschenbechern. Der Ozilite Aschenbecher ist platzsparend, wetterfest und durch seine 1,2mm dicke Edelstahlwandung praktisch unzerst\u00f6rbar. Er wird \u00a0\u00dcber eine abschlie\u00dfbare Klappe an [&hellip;]<\/p>\n","protected":false},"featured_media":553,"comment_status":"closed","ping_status":"closed","template":"","meta":{"_monsterinsights_skip_tracking":false,"_monsterinsights_sitenote_active":false,"_monsterinsights_sitenote_note":"","_monsterinsights_sitenote_category":0,"advanced_seo_description":"","jetpack_seo_html_title":"","jetpack_seo_noindex":false},"product_brand":[],"product_cat":[40],"product_tag":[],"class_list":{"0":"post-92","1":"product","2":"type-product","3":"status-publish","4":"has-post-thumbnail","6":"product_cat-zubehoer","7":"product_shipping_class-gross","9":"first","10":"instock","11":"taxable","12":"shipping-taxable","13":"purchasable","14":"product-type-simple"},"jetpack_sharing_enabled":true,"_links":{"self":[{"href":"https:\/\/varor.de\/en\/wp-json\/wp\/v2\/product\/92","targetHints":{"allow":["GET"]}}],"collection":[{"href":"https:\/\/varor.de\/en\/wp-json\/wp\/v2\/product"}],"about":[{"href":"https:\/\/varor.de\/en\/wp-json\/wp\/v2\/types\/product"}],"replies":[{"embeddable":true,"href":"https:\/\/varor.de\/en\/wp-json\/wp\/v2\/comments?post=92"}],"wp:featuredmedia":[{"embeddable":true,"href":"https:\/\/varor.de\/en\/wp-json\/wp\/v2\/media\/553"}],"wp:attachment":[{"href":"https:\/\/varor.de\/en\/wp-json\/wp\/v2\/media?parent=92"}],"wp:term":[{"taxonomy":"product_brand","embeddable":true,"href":"https:\/\/varor.de\/en\/wp-json\/wp\/v2\/product_brand?post=92"},{"taxonomy":"product_cat","embeddable":true,"href":"https:\/\/varor.de\/en\/wp-json\/wp\/v2\/product_cat?post=92"},{"taxonomy":"product_tag","embeddable":true,"href":"https:\/\/varor.de\/en\/wp-json\/wp\/v2\/product_tag?post=92"}],"curies":[{"name":"wp","href":"https:\/\/api.w.org\/{rel}","templated":true}]}}