{"id":91,"date":"2023-04-28T11:08:53","date_gmt":"2023-04-28T11:08:53","guid":{"rendered":"https:\/\/varor.de\/?post_type=product&#038;p=91"},"modified":"2023-11-27T11:12:29","modified_gmt":"2023-11-27T11:12:29","slug":"acl-bat","status":"publish","type":"product","link":"https:\/\/varor.de\/en\/shop\/wandgeraete\/acl-bat\/","title":{"rendered":"ACL BAT inkl. 2*ACL EL 1"},"content":{"rendered":"<p>Zur Wandmontage geeignet, dennoch leicht demontierbar, ist der Transportable Anz\u00fcnder ideal, wenn die Anforderung besteht einen Standortwechsel zu erm\u00f6glichen.<\/p>\n<p>Beispielsweise auf Baustellen, die voranschreiten und wo Raucherbereiche regelm\u00e4\u00dfig neu verortet werden, kann das Ger\u00e4t schnell und einfach \u201eumziehen\u201c.<\/p>\n<p>In diesem Beispiel kann es sein, dass nicht schon immer eine Stromzufuhr installiert ist. Deshalb ist der transpotable Anz\u00fcnder mit einer Batterie betrieben, die 400-500 Anz\u00fcndzyklen lang h\u00e4lt. Die Batterie wird \u00fcber ein Solarpanel geladen, ein 7m langes Kabel ist im Lieferumfang enthalten.<\/p>\n<ul>\n<li>400 \u2013 500 Zigaretten mit einer Akkuladung<\/li>\n<li>2100mah Batterie<\/li>\n<li>7 Meter Kabel (auf Wunsch in individueller L\u00e4nge)<\/li>\n<li>inkl. Solarpanel<\/li>\n<\/ul>","protected":false},"excerpt":{"rendered":"<p>Zur Wandmontage geeignet, dennoch leicht demontierbar, ist der Transportable Anz\u00fcnder ideal, wenn die Anforderung besteht einen Standortwechsel zu erm\u00f6glichen. Beispielsweise auf Baustellen, die voranschreiten und wo Raucherbereiche regelm\u00e4\u00dfig neu verortet werden, kann das Ger\u00e4t schnell und einfach \u201eumziehen\u201c. In diesem Beispiel kann es sein, dass nicht schon immer eine Stromzufuhr installiert ist. Deshalb ist der [&hellip;]<\/p>\n","protected":false},"featured_media":25,"comment_status":"closed","ping_status":"closed","template":"","meta":{"_monsterinsights_skip_tracking":false,"_monsterinsights_sitenote_active":false,"_monsterinsights_sitenote_note":"","_monsterinsights_sitenote_category":0,"advanced_seo_description":"","jetpack_seo_html_title":"","jetpack_seo_noindex":false},"product_brand":[],"product_cat":[18],"product_tag":[],"class_list":{"0":"post-91","1":"product","2":"type-product","3":"status-publish","4":"has-post-thumbnail","6":"product_cat-wandgeraete","7":"product_shipping_class-gross","9":"first","10":"instock","11":"featured","12":"taxable","13":"shipping-taxable","14":"purchasable","15":"product-type-simple"},"jetpack_sharing_enabled":true,"_links":{"self":[{"href":"https:\/\/varor.de\/en\/wp-json\/wp\/v2\/product\/91","targetHints":{"allow":["GET"]}}],"collection":[{"href":"https:\/\/varor.de\/en\/wp-json\/wp\/v2\/product"}],"about":[{"href":"https:\/\/varor.de\/en\/wp-json\/wp\/v2\/types\/product"}],"replies":[{"embeddable":true,"href":"https:\/\/varor.de\/en\/wp-json\/wp\/v2\/comments?post=91"}],"wp:featuredmedia":[{"embeddable":true,"href":"https:\/\/varor.de\/en\/wp-json\/wp\/v2\/media\/25"}],"wp:attachment":[{"href":"https:\/\/varor.de\/en\/wp-json\/wp\/v2\/media?parent=91"}],"wp:term":[{"taxonomy":"product_brand","embeddable":true,"href":"https:\/\/varor.de\/en\/wp-json\/wp\/v2\/product_brand?post=91"},{"taxonomy":"product_cat","embeddable":true,"href":"https:\/\/varor.de\/en\/wp-json\/wp\/v2\/product_cat?post=91"},{"taxonomy":"product_tag","embeddable":true,"href":"https:\/\/varor.de\/en\/wp-json\/wp\/v2\/product_tag?post=91"}],"curies":[{"name":"wp","href":"https:\/\/api.w.org\/{rel}","templated":true}]}}