{"id":88,"date":"2023-04-28T11:04:25","date_gmt":"2023-04-28T11:04:25","guid":{"rendered":"https:\/\/varor.de\/?post_type=product&#038;p=88"},"modified":"2023-09-20T08:49:28","modified_gmt":"2023-09-20T08:49:28","slug":"acl-240-s-st","status":"publish","type":"product","link":"https:\/\/varor.de\/en\/shop\/wandgeraete\/acl-240-s-st\/","title":{"rendered":"ACL 240 S\/ST inkl. 2*ACL EL 1"},"content":{"rendered":"<p>In freistehenden Raucherbereichen ist oftmals kein Mauerwerk vorhanden. Das Design im Hochkant Format birgt hier den Vorteil, dass das Ger\u00e4t an zum Beispiel einem Pfosten oder einem Tr\u00e4gerelement einer \u00dcberdachung und dergleichen installiert werden kann. Besonders schlank und mit einer geringen Tiefe kann der Anz\u00fcnder platzsparend angebracht werden und bietet dabei dieselben Funktions- und Sicherheitsvorteile aller Ozilite Produkte.<\/p>\n<p>Das Modell ist mit Timer (ACL 240 ST) und ohne Timer (ACL 240 S) erh\u00e4ltlich.<\/p>\n<ul>\n<li>Ma\u00dfe: 245 mm x 75 mm x 75 mm<\/li>\n<li>Gewicht: 1,6 kg<\/li>\n<li>Spannung: 240 V\/ 110V<\/li>\n<\/ul>","protected":false},"excerpt":{"rendered":"<p>In freistehenden Raucherbereichen ist oftmals kein Mauerwerk vorhanden. Das Design im Hochkant Format birgt hier den Vorteil, dass das Ger\u00e4t an zum Beispiel einem Pfosten oder einem Tr\u00e4gerelement einer \u00dcberdachung und dergleichen installiert werden kann. Besonders schlank und mit einer geringen Tiefe kann der Anz\u00fcnder platzsparend angebracht werden und bietet dabei dieselben Funktions- und Sicherheitsvorteile [&hellip;]<\/p>\n","protected":false},"featured_media":23,"comment_status":"closed","ping_status":"closed","template":"","meta":{"_monsterinsights_skip_tracking":false,"_monsterinsights_sitenote_active":false,"_monsterinsights_sitenote_note":"","_monsterinsights_sitenote_category":0,"advanced_seo_description":"","jetpack_seo_html_title":"","jetpack_seo_noindex":false},"product_brand":[],"product_cat":[18],"product_tag":[],"class_list":{"0":"post-88","1":"product","2":"type-product","3":"status-publish","4":"has-post-thumbnail","6":"product_cat-wandgeraete","7":"product_shipping_class-gross","9":"first","10":"instock","11":"taxable","12":"shipping-taxable","13":"purchasable","14":"product-type-variable","15":"has-default-attributes"},"jetpack_sharing_enabled":true,"_links":{"self":[{"href":"https:\/\/varor.de\/en\/wp-json\/wp\/v2\/product\/88","targetHints":{"allow":["GET"]}}],"collection":[{"href":"https:\/\/varor.de\/en\/wp-json\/wp\/v2\/product"}],"about":[{"href":"https:\/\/varor.de\/en\/wp-json\/wp\/v2\/types\/product"}],"replies":[{"embeddable":true,"href":"https:\/\/varor.de\/en\/wp-json\/wp\/v2\/comments?post=88"}],"wp:featuredmedia":[{"embeddable":true,"href":"https:\/\/varor.de\/en\/wp-json\/wp\/v2\/media\/23"}],"wp:attachment":[{"href":"https:\/\/varor.de\/en\/wp-json\/wp\/v2\/media?parent=88"}],"wp:term":[{"taxonomy":"product_brand","embeddable":true,"href":"https:\/\/varor.de\/en\/wp-json\/wp\/v2\/product_brand?post=88"},{"taxonomy":"product_cat","embeddable":true,"href":"https:\/\/varor.de\/en\/wp-json\/wp\/v2\/product_cat?post=88"},{"taxonomy":"product_tag","embeddable":true,"href":"https:\/\/varor.de\/en\/wp-json\/wp\/v2\/product_tag?post=88"}],"curies":[{"name":"wp","href":"https:\/\/api.w.org\/{rel}","templated":true}]}}