{"id":816,"date":"2023-09-04T09:56:36","date_gmt":"2023-09-04T09:56:36","guid":{"rendered":"https:\/\/varor.de\/?post_type=product&#038;p=816"},"modified":"2024-08-22T12:52:23","modified_gmt":"2024-08-22T12:52:23","slug":"mobile-klimaanlage-ohne-schlauch-b-ware","status":"publish","type":"product","link":"https:\/\/varor.de\/en\/shop\/mobile-klimageraete\/mobile-klimaanlage-ohne-schlauch-b-ware\/","title":{"rendered":"Mobile air conditioners without hose (Class B)"},"content":{"rendered":"<div>\n<p>Sind Sie auf der Suche nach einer sehr energieeffizienten Klimaanlage ohne Ablaufschlauch? Dann sind Sie bei uns genau richtig! Die mobile Klimaanlage Evolar EVO-ES9000 ist nicht nur wirklich mobil, sondern die Klimaanlage hat auch keinen Ablaufschlauch nach au\u00dfen und kann somit \u00fcberall eingesetzt werden! W\u00e4hrend der K\u00fchlung muss kein Fenster oder keine T\u00fcr ge\u00f6ffnet sein. Die Klimaanlage eignet sich besonders f\u00fcr gro\u00dfe R\u00e4ume bis zu 90m3. Perfekt f\u00fcr R\u00e4ume wie Klassenzimmer, Wohnzimmer, B\u00fcros, Besprechungsr\u00e4ume, Gesch\u00e4fte usw. Die 3-in-1-Klimaanlage kann sowohl k\u00fchlen und heizen als auch entfeuchten. Dadurch eignet sich die Klimaanlage nicht nur f\u00fcr die warmen Sommermonate, sondern kann auch in den kalten Wintermonaten n\u00fctzlich sein.<\/p>\n<\/div>\n<div>\n<p><strong>Bedienung und Nutzung<\/strong><br \/>\nDie mobile Klimaanlage ist mit WLAN ausgestattet und l\u00e4sst sich mit der TUYA App, Google Home und Amazon Alexa App ganz einfach per Handy bedienen. Die Evolar EVO-ES9000 ist eine wassergek\u00fchlte Klimaanlage. Die Klimaanlage nutzt das einzigartige Energiespeichersystem, bei dem die W\u00e4rme im Wasser gespeichert wird. Auch dieses mobile Klimager\u00e4t nutzt das Prinzip der Luft-Wasser-Kondensation in Kombination mit dem Prinzip des Gefrierschranks. Die Klimaanlage hat eine Betriebszeit von ca. 6 bis 8 Stunden, die von der Umgebungstemperatur, der Wassertemperatur und der gew\u00fcnschten Temperatur abh\u00e4ngt, danach muss das Wasser \u00fcber den K\u00fchlmodus (K\u00fchlspeichermodus) f\u00fcr 2 bis 3 Stunden abk\u00fchlen. W\u00e4hrend dieses K\u00fchlspeichermodus l\u00e4sst das mobile Klimager\u00e4t das Wasser im Tank auf -6\u00b0C abk\u00fchlen. Beim Abk\u00fchlen des Speichers sollte gel\u00fcftet werden. Die mobile Klimaanlage ist mit 37 Litern Wasser gef\u00fcllt, in dem die W\u00e4rme gespeichert wird. Das Wasser muss nur einmal pro Sommersaison nachgef\u00fcllt werden.<\/p>\n<p>&nbsp;<\/p>\n<\/div>\n<p>&nbsp;<\/p>","protected":false},"excerpt":{"rendered":"<p>Sind Sie auf der Suche nach einer sehr energieeffizienten Klimaanlage ohne Ablaufschlauch? Dann sind Sie bei uns genau richtig! Die mobile Klimaanlage Evolar EVO-ES9000 ist nicht nur wirklich mobil, sondern die Klimaanlage hat auch keinen Ablaufschlauch nach au\u00dfen und kann somit \u00fcberall eingesetzt werden! W\u00e4hrend der K\u00fchlung muss kein Fenster oder keine T\u00fcr ge\u00f6ffnet sein. [&hellip;]<\/p>\n","protected":false},"featured_media":828,"comment_status":"open","ping_status":"closed","template":"","meta":{"_monsterinsights_skip_tracking":false,"_monsterinsights_sitenote_active":false,"_monsterinsights_sitenote_note":"","_monsterinsights_sitenote_category":0,"advanced_seo_description":"","jetpack_seo_html_title":"","jetpack_seo_noindex":false},"product_brand":[],"product_cat":[42],"product_tag":[],"class_list":{"0":"post-816","1":"product","2":"type-product","3":"status-publish","4":"has-post-thumbnail","6":"product_cat-mobile-klimageraete","7":"product_shipping_class-palette-klein","9":"first","10":"outofstock","11":"taxable","12":"shipping-taxable","13":"purchasable","14":"product-type-simple"},"jetpack_sharing_enabled":true,"_links":{"self":[{"href":"https:\/\/varor.de\/en\/wp-json\/wp\/v2\/product\/816","targetHints":{"allow":["GET"]}}],"collection":[{"href":"https:\/\/varor.de\/en\/wp-json\/wp\/v2\/product"}],"about":[{"href":"https:\/\/varor.de\/en\/wp-json\/wp\/v2\/types\/product"}],"replies":[{"embeddable":true,"href":"https:\/\/varor.de\/en\/wp-json\/wp\/v2\/comments?post=816"}],"wp:featuredmedia":[{"embeddable":true,"href":"https:\/\/varor.de\/en\/wp-json\/wp\/v2\/media\/828"}],"wp:attachment":[{"href":"https:\/\/varor.de\/en\/wp-json\/wp\/v2\/media?parent=816"}],"wp:term":[{"taxonomy":"product_brand","embeddable":true,"href":"https:\/\/varor.de\/en\/wp-json\/wp\/v2\/product_brand?post=816"},{"taxonomy":"product_cat","embeddable":true,"href":"https:\/\/varor.de\/en\/wp-json\/wp\/v2\/product_cat?post=816"},{"taxonomy":"product_tag","embeddable":true,"href":"https:\/\/varor.de\/en\/wp-json\/wp\/v2\/product_tag?post=816"}],"curies":[{"name":"wp","href":"https:\/\/api.w.org\/{rel}","templated":true}]}}