{"id":77,"date":"2023-04-28T10:38:47","date_gmt":"2023-04-28T10:38:47","guid":{"rendered":"https:\/\/varor.de\/?post_type=product&#038;p=77"},"modified":"2023-09-20T08:50:51","modified_gmt":"2023-09-20T08:50:51","slug":"acl-240-wm-wmt","status":"publish","type":"product","link":"https:\/\/varor.de\/en\/shop\/wandgeraete\/acl-240-wm-wmt\/","title":{"rendered":"ACL 240 WM\/WMT inkl. 2*ACL EL 1"},"content":{"rendered":"<p>F\u00fcr die Montage ist keine Mauer\u00f6ffnung n\u00f6tig. Das Ger\u00e4t wird lediglich mit Schrauben im Mauerwerk verankert. Die abgeschr\u00e4gten Seiten erh\u00f6hen die Stabilit\u00e4t.<\/p>\n<p>Das Modell ist mit Timer (ACL 240 WMT) und ohne Timer (ACL 240 WM) erh\u00e4ltlich.<\/p>\n<ul>\n<li>Ma\u00dfe: 210 mm x 385 mm x 55 mm<\/li>\n<li>Gewicht: 3,5 kg<\/li>\n<li>Spannung: 240 V \/ 110 V<\/li>\n<\/ul>\n<p>&nbsp;<\/p>","protected":false},"excerpt":{"rendered":"<p>F\u00fcr die Montage ist keine Mauer\u00f6ffnung n\u00f6tig. Das Ger\u00e4t wird lediglich mit Schrauben im Mauerwerk verankert. Die abgeschr\u00e4gten Seiten erh\u00f6hen die Stabilit\u00e4t. Das Modell ist mit Timer (ACL 240 WMT) und ohne Timer (ACL 240 WM) erh\u00e4ltlich. Ma\u00dfe: 210 mm x 385 mm x 55 mm Gewicht: 3,5 kg Spannung: 240 V \/ 110 V [&hellip;]<\/p>\n","protected":false},"featured_media":24,"comment_status":"closed","ping_status":"closed","template":"","meta":{"_monsterinsights_skip_tracking":false,"_monsterinsights_sitenote_active":false,"_monsterinsights_sitenote_note":"","_monsterinsights_sitenote_category":0,"advanced_seo_description":"","jetpack_seo_html_title":"","jetpack_seo_noindex":false},"product_brand":[],"product_cat":[18],"product_tag":[],"class_list":{"0":"post-77","1":"product","2":"type-product","3":"status-publish","4":"has-post-thumbnail","6":"product_cat-wandgeraete","7":"product_shipping_class-gross","9":"first","10":"instock","11":"taxable","12":"shipping-taxable","13":"purchasable","14":"product-type-variable"},"jetpack_sharing_enabled":true,"_links":{"self":[{"href":"https:\/\/varor.de\/en\/wp-json\/wp\/v2\/product\/77","targetHints":{"allow":["GET"]}}],"collection":[{"href":"https:\/\/varor.de\/en\/wp-json\/wp\/v2\/product"}],"about":[{"href":"https:\/\/varor.de\/en\/wp-json\/wp\/v2\/types\/product"}],"replies":[{"embeddable":true,"href":"https:\/\/varor.de\/en\/wp-json\/wp\/v2\/comments?post=77"}],"wp:featuredmedia":[{"embeddable":true,"href":"https:\/\/varor.de\/en\/wp-json\/wp\/v2\/media\/24"}],"wp:attachment":[{"href":"https:\/\/varor.de\/en\/wp-json\/wp\/v2\/media?parent=77"}],"wp:term":[{"taxonomy":"product_brand","embeddable":true,"href":"https:\/\/varor.de\/en\/wp-json\/wp\/v2\/product_brand?post=77"},{"taxonomy":"product_cat","embeddable":true,"href":"https:\/\/varor.de\/en\/wp-json\/wp\/v2\/product_cat?post=77"},{"taxonomy":"product_tag","embeddable":true,"href":"https:\/\/varor.de\/en\/wp-json\/wp\/v2\/product_tag?post=77"}],"curies":[{"name":"wp","href":"https:\/\/api.w.org\/{rel}","templated":true}]}}