{"id":499,"date":"2023-06-01T10:26:55","date_gmt":"2023-06-01T10:26:55","guid":{"rendered":"https:\/\/varor.de\/?post_type=product&#038;p=499"},"modified":"2023-09-11T08:07:05","modified_gmt":"2023-09-11T08:07:05","slug":"montagefuesse-fuer-wetterschutzgehaeuse","status":"publish","type":"product","link":"https:\/\/varor.de\/en\/shop\/gehaeuse-klimaanlagen\/montagefuesse-fuer-wetterschutzgehaeuse\/","title":{"rendered":"Mounting feet for weatherproof housing"},"content":{"rendered":"<p>Wenn Sie Ihr Klimageh\u00e4use auf dem Boden und freistehend aufstellen m\u00f6chten, ist es sehr sch\u00f6n, wenn Standf\u00fc\u00dfe an Ihrem Geh\u00e4use angebracht werden. Die Standf\u00fc\u00dfe von Evolar sind eine stilvolle Erg\u00e4nzung zu den Holzgeh\u00e4usen. Das Set besteht aus 4 F\u00fc\u00dfen, die zur freien Bodenaufstellung des Klimageh\u00e4uses verwendet werden. Au\u00dfer Schwarz sind die F\u00fc\u00dfe erh\u00e4ltlich in den Farben: Wei\u00df, Anthrazit und Holz. Die Standf\u00fc\u00dfe sind aus lackiertem Douglasienholz. Die F\u00fc\u00dfe sind 10 cm hoch und 3 cm breit. Die F\u00fc\u00dfe m\u00fcssen an die praktischen Befestigungsl\u00f6cher im Geh\u00e4use am Klimageh\u00e4use befestigt werden.<\/p>","protected":false},"excerpt":{"rendered":"<p>Wenn Sie Ihr Klimageh\u00e4use auf dem Boden und freistehend aufstellen m\u00f6chten, ist es sehr sch\u00f6n, wenn Standf\u00fc\u00dfe an Ihrem Geh\u00e4use angebracht werden. Die Standf\u00fc\u00dfe von Evolar sind eine stilvolle Erg\u00e4nzung zu den Holzgeh\u00e4usen. Das Set besteht aus 4 F\u00fc\u00dfen, die zur freien Bodenaufstellung des Klimageh\u00e4uses verwendet werden. Au\u00dfer Schwarz sind die F\u00fc\u00dfe erh\u00e4ltlich in den [&hellip;]<\/p>\n","protected":false},"featured_media":514,"comment_status":"open","ping_status":"closed","template":"","meta":{"_monsterinsights_skip_tracking":false,"_monsterinsights_sitenote_active":false,"_monsterinsights_sitenote_note":"","_monsterinsights_sitenote_category":0,"advanced_seo_description":"","jetpack_seo_html_title":"","jetpack_seo_noindex":false},"product_brand":[],"product_cat":[43],"product_tag":[],"class_list":{"0":"post-499","1":"product","2":"type-product","3":"status-publish","4":"has-post-thumbnail","6":"product_cat-gehaeuse-klimaanlagen","8":"first","9":"instock","10":"taxable","11":"shipping-taxable","12":"purchasable","13":"product-type-variable"},"jetpack_sharing_enabled":true,"_links":{"self":[{"href":"https:\/\/varor.de\/en\/wp-json\/wp\/v2\/product\/499","targetHints":{"allow":["GET"]}}],"collection":[{"href":"https:\/\/varor.de\/en\/wp-json\/wp\/v2\/product"}],"about":[{"href":"https:\/\/varor.de\/en\/wp-json\/wp\/v2\/types\/product"}],"replies":[{"embeddable":true,"href":"https:\/\/varor.de\/en\/wp-json\/wp\/v2\/comments?post=499"}],"wp:featuredmedia":[{"embeddable":true,"href":"https:\/\/varor.de\/en\/wp-json\/wp\/v2\/media\/514"}],"wp:attachment":[{"href":"https:\/\/varor.de\/en\/wp-json\/wp\/v2\/media?parent=499"}],"wp:term":[{"taxonomy":"product_brand","embeddable":true,"href":"https:\/\/varor.de\/en\/wp-json\/wp\/v2\/product_brand?post=499"},{"taxonomy":"product_cat","embeddable":true,"href":"https:\/\/varor.de\/en\/wp-json\/wp\/v2\/product_cat?post=499"},{"taxonomy":"product_tag","embeddable":true,"href":"https:\/\/varor.de\/en\/wp-json\/wp\/v2\/product_tag?post=499"}],"curies":[{"name":"wp","href":"https:\/\/api.w.org\/{rel}","templated":true}]}}