{"id":491,"date":"2023-06-01T10:09:49","date_gmt":"2023-06-01T10:09:49","guid":{"rendered":"https:\/\/varor.de\/?post_type=product&#038;p=491"},"modified":"2023-09-12T11:05:41","modified_gmt":"2023-09-12T11:05:41","slug":"kondensatortrenner-fuer-wetterschutzgehaeuse","status":"publish","type":"product","link":"https:\/\/varor.de\/en\/shop\/gehaeuse-klimaanlagen\/kondensatortrenner-fuer-wetterschutzgehaeuse\/","title":{"rendered":"Capacitor isolator for weatherproof housing"},"content":{"rendered":"<p>&nbsp;<\/p>\n<h2 class=\"title title-font\">Kondensatorabscheider f\u00fcr Klimaanlagen<\/h2>\n<div class=\"general-content line-height\">\n<p>Durch die Platzierung eines Kondensatorabscheiders zwischen dem Au\u00dfenger\u00e4t Ihrer Klimaanlage und dem Geh\u00e4use Ihrer Klimaanlage schaffen Sie eine physische Trennung zwischen dem Einlass und dem Auslass Ihres Au\u00dfenger\u00e4ts. Dadurch, dass Sie eine Trennwand vor dem Au\u00dfenger\u00e4t platzieren, ist eine Luftzirkulation nicht mehr m\u00f6glich, sodass die Effizienz nicht verloren geht!<\/p>\n<\/div>","protected":false},"excerpt":{"rendered":"<p>&nbsp; Kondensatorabscheider f\u00fcr Klimaanlagen Durch die Platzierung eines Kondensatorabscheiders zwischen dem Au\u00dfenger\u00e4t Ihrer Klimaanlage und dem Geh\u00e4use Ihrer Klimaanlage schaffen Sie eine physische Trennung zwischen dem Einlass und dem Auslass Ihres Au\u00dfenger\u00e4ts. Dadurch, dass Sie eine Trennwand vor dem Au\u00dfenger\u00e4t platzieren, ist eine Luftzirkulation nicht mehr m\u00f6glich, sodass die Effizienz nicht verloren geht!<\/p>","protected":false},"featured_media":568,"comment_status":"open","ping_status":"closed","template":"","meta":{"_monsterinsights_skip_tracking":false,"_monsterinsights_sitenote_active":false,"_monsterinsights_sitenote_note":"","_monsterinsights_sitenote_category":0,"advanced_seo_description":"","jetpack_seo_html_title":"","jetpack_seo_noindex":false},"product_brand":[],"product_cat":[43],"product_tag":[],"class_list":{"0":"post-491","1":"product","2":"type-product","3":"status-publish","4":"has-post-thumbnail","6":"product_cat-gehaeuse-klimaanlagen","7":"product_shipping_class-gross","9":"first","10":"instock","11":"taxable","12":"shipping-taxable","13":"purchasable","14":"product-type-variable"},"jetpack_sharing_enabled":true,"_links":{"self":[{"href":"https:\/\/varor.de\/en\/wp-json\/wp\/v2\/product\/491","targetHints":{"allow":["GET"]}}],"collection":[{"href":"https:\/\/varor.de\/en\/wp-json\/wp\/v2\/product"}],"about":[{"href":"https:\/\/varor.de\/en\/wp-json\/wp\/v2\/types\/product"}],"replies":[{"embeddable":true,"href":"https:\/\/varor.de\/en\/wp-json\/wp\/v2\/comments?post=491"}],"wp:featuredmedia":[{"embeddable":true,"href":"https:\/\/varor.de\/en\/wp-json\/wp\/v2\/media\/568"}],"wp:attachment":[{"href":"https:\/\/varor.de\/en\/wp-json\/wp\/v2\/media?parent=491"}],"wp:term":[{"taxonomy":"product_brand","embeddable":true,"href":"https:\/\/varor.de\/en\/wp-json\/wp\/v2\/product_brand?post=491"},{"taxonomy":"product_cat","embeddable":true,"href":"https:\/\/varor.de\/en\/wp-json\/wp\/v2\/product_cat?post=491"},{"taxonomy":"product_tag","embeddable":true,"href":"https:\/\/varor.de\/en\/wp-json\/wp\/v2\/product_tag?post=491"}],"curies":[{"name":"wp","href":"https:\/\/api.w.org\/{rel}","templated":true}]}}