{"id":483,"date":"2023-06-01T09:49:17","date_gmt":"2023-06-01T09:49:17","guid":{"rendered":"https:\/\/varor.de\/?post_type=product&#038;p=483"},"modified":"2023-09-12T11:07:11","modified_gmt":"2023-09-12T11:07:11","slug":"schallschutzset-zum-aluminium-wetterschutzgehaeuse","status":"publish","type":"product","link":"https:\/\/varor.de\/en\/shop\/gehaeuse-klimaanlagen\/schallschutzset-zum-aluminium-wetterschutzgehaeuse\/","title":{"rendered":"Noise protection set for aluminum weatherproof housing"},"content":{"rendered":"<p>Das Schallschutzset kann die Anlagenger\u00e4usch bis zu 5 dB reduzieren. Das Set kann an jeder Klimaanlage und auch jeder W\u00e4rmepumpe installiert werden und hat keinen Einfluss auf den Betrieb des Au\u00dfenger\u00e4tes.<\/p>\n<p><strong>Achtung! Nicht geeignet f\u00fcr Wetterschutzgeh\u00e4use aus Holz.<\/strong><\/p>","protected":false},"excerpt":{"rendered":"<p>Das Schallschutzset kann die Anlagenger\u00e4usch bis zu 5 dB reduzieren. Das Set kann an jeder Klimaanlage und auch jeder W\u00e4rmepumpe installiert werden und hat keinen Einfluss auf den Betrieb des Au\u00dfenger\u00e4tes. Achtung! Nicht geeignet f\u00fcr Wetterschutzgeh\u00e4use aus Holz.<\/p>","protected":false},"featured_media":570,"comment_status":"open","ping_status":"closed","template":"","meta":{"_monsterinsights_skip_tracking":false,"_monsterinsights_sitenote_active":false,"_monsterinsights_sitenote_note":"","_monsterinsights_sitenote_category":0,"advanced_seo_description":"","jetpack_seo_html_title":"","jetpack_seo_noindex":false},"product_brand":[],"product_cat":[43],"product_tag":[],"class_list":{"0":"post-483","1":"product","2":"type-product","3":"status-publish","4":"has-post-thumbnail","6":"product_cat-gehaeuse-klimaanlagen","7":"product_shipping_class-gross","9":"first","10":"instock","11":"taxable","12":"shipping-taxable","13":"purchasable","14":"product-type-variable"},"jetpack_sharing_enabled":true,"_links":{"self":[{"href":"https:\/\/varor.de\/en\/wp-json\/wp\/v2\/product\/483","targetHints":{"allow":["GET"]}}],"collection":[{"href":"https:\/\/varor.de\/en\/wp-json\/wp\/v2\/product"}],"about":[{"href":"https:\/\/varor.de\/en\/wp-json\/wp\/v2\/types\/product"}],"replies":[{"embeddable":true,"href":"https:\/\/varor.de\/en\/wp-json\/wp\/v2\/comments?post=483"}],"wp:featuredmedia":[{"embeddable":true,"href":"https:\/\/varor.de\/en\/wp-json\/wp\/v2\/media\/570"}],"wp:attachment":[{"href":"https:\/\/varor.de\/en\/wp-json\/wp\/v2\/media?parent=483"}],"wp:term":[{"taxonomy":"product_brand","embeddable":true,"href":"https:\/\/varor.de\/en\/wp-json\/wp\/v2\/product_brand?post=483"},{"taxonomy":"product_cat","embeddable":true,"href":"https:\/\/varor.de\/en\/wp-json\/wp\/v2\/product_cat?post=483"},{"taxonomy":"product_tag","embeddable":true,"href":"https:\/\/varor.de\/en\/wp-json\/wp\/v2\/product_tag?post=483"}],"curies":[{"name":"wp","href":"https:\/\/api.w.org\/{rel}","templated":true}]}}