{"id":416,"date":"2023-06-01T09:24:22","date_gmt":"2023-06-01T09:24:22","guid":{"rendered":"https:\/\/varor.de\/?post_type=product&#038;p=416"},"modified":"2023-10-24T10:51:13","modified_gmt":"2023-10-24T10:51:13","slug":"bodenplatte-zum-wetterschutzgehaeuse","status":"publish","type":"product","link":"https:\/\/varor.de\/en\/shop\/gehaeuse-klimaanlagen\/bodenplatte-zum-wetterschutzgehaeuse\/","title":{"rendered":"Base plate for weatherproof housing"},"content":{"rendered":"<p>Die Bodenplatten sind eine Erweiterung f\u00fcr die Wetterschutzgeh\u00e4use, welche an der Wand montiert sind. Mit dieser eleganten Bodenplatte k\u00f6nnen Sie die Unterseite des Au\u00dfenger\u00e4ts Ihrer Klimaanlage stilvoll verbergen. Die Bodenplatte l\u00e4sst sich sehr einfach und schnell am Geh\u00e4use montieren.<\/p>","protected":false},"excerpt":{"rendered":"<p>Die Bodenplatten sind eine Erweiterung f\u00fcr die Wetterschutzgeh\u00e4use, welche an der Wand montiert sind. Mit dieser eleganten Bodenplatte k\u00f6nnen Sie die Unterseite des Au\u00dfenger\u00e4ts Ihrer Klimaanlage stilvoll verbergen. Die Bodenplatte l\u00e4sst sich sehr einfach und schnell am Geh\u00e4use montieren.<\/p>","protected":false},"featured_media":478,"comment_status":"open","ping_status":"closed","template":"","meta":{"_monsterinsights_skip_tracking":false,"_monsterinsights_sitenote_active":false,"_monsterinsights_sitenote_note":"","_monsterinsights_sitenote_category":0,"advanced_seo_description":"","jetpack_seo_html_title":"","jetpack_seo_noindex":false},"product_brand":[],"product_cat":[43],"product_tag":[],"class_list":{"0":"post-416","1":"product","2":"type-product","3":"status-publish","4":"has-post-thumbnail","6":"product_cat-gehaeuse-klimaanlagen","7":"product_shipping_class-gross","9":"first","10":"instock","11":"taxable","12":"shipping-taxable","13":"purchasable","14":"product-type-variable"},"jetpack_sharing_enabled":true,"_links":{"self":[{"href":"https:\/\/varor.de\/en\/wp-json\/wp\/v2\/product\/416","targetHints":{"allow":["GET"]}}],"collection":[{"href":"https:\/\/varor.de\/en\/wp-json\/wp\/v2\/product"}],"about":[{"href":"https:\/\/varor.de\/en\/wp-json\/wp\/v2\/types\/product"}],"replies":[{"embeddable":true,"href":"https:\/\/varor.de\/en\/wp-json\/wp\/v2\/comments?post=416"}],"wp:featuredmedia":[{"embeddable":true,"href":"https:\/\/varor.de\/en\/wp-json\/wp\/v2\/media\/478"}],"wp:attachment":[{"href":"https:\/\/varor.de\/en\/wp-json\/wp\/v2\/media?parent=416"}],"wp:term":[{"taxonomy":"product_brand","embeddable":true,"href":"https:\/\/varor.de\/en\/wp-json\/wp\/v2\/product_brand?post=416"},{"taxonomy":"product_cat","embeddable":true,"href":"https:\/\/varor.de\/en\/wp-json\/wp\/v2\/product_cat?post=416"},{"taxonomy":"product_tag","embeddable":true,"href":"https:\/\/varor.de\/en\/wp-json\/wp\/v2\/product_tag?post=416"}],"curies":[{"name":"wp","href":"https:\/\/api.w.org\/{rel}","templated":true}]}}