{"id":355,"date":"2023-06-01T09:11:54","date_gmt":"2023-06-01T09:11:54","guid":{"rendered":"https:\/\/varor.de\/?post_type=product&#038;p=355"},"modified":"2023-11-20T13:43:46","modified_gmt":"2023-11-20T13:43:46","slug":"rueckwand-zum-wetterschutzgehaeuse","status":"publish","type":"product","link":"https:\/\/varor.de\/en\/shop\/gehaeuse-klimaanlagen\/rueckwand-zum-wetterschutzgehaeuse\/","title":{"rendered":"Back panel for weatherproof housing"},"content":{"rendered":"<p>Die R\u00fcckwand ist eine Erweiterung f\u00fcr freistehende Klimaanlagen\/ W\u00e4rmepumpen, so dass das Ger\u00e4t von alle vier Seiten nicht sichtbar ist, ohne den Betrieb und die Effizienz der Klimaanlage zu beeintr\u00e4chtigen.<\/p>","protected":false},"excerpt":{"rendered":"<p>Die R\u00fcckwand ist eine Erweiterung f\u00fcr freistehende Klimaanlagen\/ W\u00e4rmepumpen, so dass das Ger\u00e4t von alle vier Seiten nicht sichtbar ist, ohne den Betrieb und die Effizienz der Klimaanlage zu beeintr\u00e4chtigen.<\/p>","protected":false},"featured_media":479,"comment_status":"open","ping_status":"closed","template":"","meta":{"_monsterinsights_skip_tracking":false,"_monsterinsights_sitenote_active":false,"_monsterinsights_sitenote_note":"","_monsterinsights_sitenote_category":0,"advanced_seo_description":"","jetpack_seo_html_title":"","jetpack_seo_noindex":false},"product_brand":[],"product_cat":[43],"product_tag":[],"class_list":{"0":"post-355","1":"product","2":"type-product","3":"status-publish","4":"has-post-thumbnail","6":"product_cat-gehaeuse-klimaanlagen","7":"product_shipping_class-gross","9":"first","10":"instock","11":"taxable","12":"shipping-taxable","13":"purchasable","14":"product-type-variable"},"jetpack_sharing_enabled":true,"_links":{"self":[{"href":"https:\/\/varor.de\/en\/wp-json\/wp\/v2\/product\/355","targetHints":{"allow":["GET"]}}],"collection":[{"href":"https:\/\/varor.de\/en\/wp-json\/wp\/v2\/product"}],"about":[{"href":"https:\/\/varor.de\/en\/wp-json\/wp\/v2\/types\/product"}],"replies":[{"embeddable":true,"href":"https:\/\/varor.de\/en\/wp-json\/wp\/v2\/comments?post=355"}],"wp:featuredmedia":[{"embeddable":true,"href":"https:\/\/varor.de\/en\/wp-json\/wp\/v2\/media\/479"}],"wp:attachment":[{"href":"https:\/\/varor.de\/en\/wp-json\/wp\/v2\/media?parent=355"}],"wp:term":[{"taxonomy":"product_brand","embeddable":true,"href":"https:\/\/varor.de\/en\/wp-json\/wp\/v2\/product_brand?post=355"},{"taxonomy":"product_cat","embeddable":true,"href":"https:\/\/varor.de\/en\/wp-json\/wp\/v2\/product_cat?post=355"},{"taxonomy":"product_tag","embeddable":true,"href":"https:\/\/varor.de\/en\/wp-json\/wp\/v2\/product_tag?post=355"}],"curies":[{"name":"wp","href":"https:\/\/api.w.org\/{rel}","templated":true}]}}