{"id":266,"date":"2023-05-31T08:59:05","date_gmt":"2023-05-31T08:59:05","guid":{"rendered":"https:\/\/varor.de\/?post_type=product&#038;p=266"},"modified":"2025-11-27T11:12:56","modified_gmt":"2025-11-27T09:12:56","slug":"wetterschutzgehaeuse","status":"publish","type":"product","link":"https:\/\/varor.de\/en\/shop\/gehaeuse-klimaanlagen\/wetterschutzgehaeuse\/","title":{"rendered":"Weatherproof housing"},"content":{"rendered":"<p><strong>Beschreibung<\/strong><br \/>\nUnser Wetterschutzgeh\u00e4use ist ein langlebiger und wartungsfreier Schutz aus WPC oder pulverbeschichtetem Aluminium. Die Lamellen um das Klimageh\u00e4use herum sorgen daf\u00fcr, dass die Klimaanlage sauber verborgen ist, ohne den Betrieb und die Effizienz der Klimaanlage zu beeintr\u00e4chtigen. Dank seiner Befestigungsl\u00f6cher kann dieses Geh\u00e4use sowohl f\u00fcr die Wandmontage als auch f\u00fcr die Standmontage verwendet werden. Die R\u00fcckseite des Geh\u00e4uses ist komplett offen. Wenn ihre Klimaanlage oder W\u00e4rmepumpe freistehend aufgestellt ist, k\u00f6nnen Sie mit der passenden R\u00fcckwand alle vier Seiten des Ger\u00e4ts verdecken.<\/p>\n<p>Ein Kondensatorschott ist ein Muss beim Heizen mit W\u00e4rmepumpen und Klimaanlagen. Dieser Kondensatorabscheider stellt sicher, dass der Betrieb nicht beeintr\u00e4chtigt wird, sodass Sie sicher sein k\u00f6nnen, dass Ihr System ordnungsgem\u00e4\u00df funktioniert.<\/p>","protected":false},"excerpt":{"rendered":"<p>Beschreibung Unser Wetterschutzgeh\u00e4use ist ein langlebiger und wartungsfreier Schutz aus WPC oder pulverbeschichtetem Aluminium. Die Lamellen um das Klimageh\u00e4use herum sorgen daf\u00fcr, dass die Klimaanlage sauber verborgen ist, ohne den Betrieb und die Effizienz der Klimaanlage zu beeintr\u00e4chtigen. Dank seiner Befestigungsl\u00f6cher kann dieses Geh\u00e4use sowohl f\u00fcr die Wandmontage als auch f\u00fcr die Standmontage verwendet werden. [&hellip;]<\/p>\n","protected":false},"featured_media":348,"comment_status":"open","ping_status":"closed","template":"","meta":{"_monsterinsights_skip_tracking":false,"_monsterinsights_sitenote_active":false,"_monsterinsights_sitenote_note":"","_monsterinsights_sitenote_category":0,"advanced_seo_description":"","jetpack_seo_html_title":"","jetpack_seo_noindex":false},"product_brand":[],"product_cat":[43],"product_tag":[59,58,60,57],"class_list":{"0":"post-266","1":"product","2":"type-product","3":"status-publish","4":"has-post-thumbnail","6":"product_cat-gehaeuse-klimaanlagen","7":"product_tag-bodenplatte","8":"product_tag-kondensatortrenner","9":"product_tag-rueckwand","10":"product_tag-schallschutz","11":"product_shipping_class-palette-klein","13":"first","14":"instock","15":"featured","16":"taxable","17":"shipping-taxable","18":"purchasable","19":"product-type-variable"},"jetpack_sharing_enabled":true,"_links":{"self":[{"href":"https:\/\/varor.de\/en\/wp-json\/wp\/v2\/product\/266","targetHints":{"allow":["GET"]}}],"collection":[{"href":"https:\/\/varor.de\/en\/wp-json\/wp\/v2\/product"}],"about":[{"href":"https:\/\/varor.de\/en\/wp-json\/wp\/v2\/types\/product"}],"replies":[{"embeddable":true,"href":"https:\/\/varor.de\/en\/wp-json\/wp\/v2\/comments?post=266"}],"wp:featuredmedia":[{"embeddable":true,"href":"https:\/\/varor.de\/en\/wp-json\/wp\/v2\/media\/348"}],"wp:attachment":[{"href":"https:\/\/varor.de\/en\/wp-json\/wp\/v2\/media?parent=266"}],"wp:term":[{"taxonomy":"product_brand","embeddable":true,"href":"https:\/\/varor.de\/en\/wp-json\/wp\/v2\/product_brand?post=266"},{"taxonomy":"product_cat","embeddable":true,"href":"https:\/\/varor.de\/en\/wp-json\/wp\/v2\/product_cat?post=266"},{"taxonomy":"product_tag","embeddable":true,"href":"https:\/\/varor.de\/en\/wp-json\/wp\/v2\/product_tag?post=266"}],"curies":[{"name":"wp","href":"https:\/\/api.w.org\/{rel}","templated":true}]}}