{"id":22,"date":"2023-04-25T13:49:51","date_gmt":"2023-04-25T13:49:51","guid":{"rendered":"https:\/\/varor.de\/?post_type=product&#038;p=22"},"modified":"2023-09-20T08:47:27","modified_gmt":"2023-09-20T08:47:27","slug":"acl-240-lt","status":"publish","type":"product","link":"https:\/\/varor.de\/en\/shop\/wandgeraete\/acl-240-lt\/","title":{"rendered":"ACL 240 L\/LT  inkl. 2*ACL EL 1"},"content":{"rendered":"<ul>\n<li>Ma\u00dfe Frontplatte: 135 mm x 300 mm<\/li>\n<li>Ma\u00dfe Box: 110 mm x 270 mm x 80mm<\/li>\n<li>Gewicht: 2,5 kg<\/li>\n<li>Spannung: 240 V \/ 110 V<\/li>\n<\/ul>\n<p>Der Zigarettenanz\u00fcnder wird in eine Mauer\u00f6ffnung montiert und schlie\u00dft so b\u00fcndig mit der Wand ab. F\u00fcr den Betrieb ist lediglich eine Stromzuleitung erforderlich. Das Modell ist mit Zeitschaltuhr und ohne erh\u00e4ltlich.<\/p>\n<p>Das Modell ist mit Timer (ACL 240 LT) und ohne Timer (ACL 240 L) erh\u00e4ltlich.<\/p>","protected":false},"excerpt":{"rendered":"<p>Ma\u00dfe Frontplatte: 135 mm x 300 mm Ma\u00dfe Box: 110 mm x 270 mm x 80mm Gewicht: 2,5 kg Spannung: 240 V \/ 110 V Der Zigarettenanz\u00fcnder wird in eine Mauer\u00f6ffnung montiert und schlie\u00dft so b\u00fcndig mit der Wand ab. F\u00fcr den Betrieb ist lediglich eine Stromzuleitung erforderlich. Das Modell ist mit Zeitschaltuhr und ohne [&hellip;]<\/p>\n","protected":false},"featured_media":28,"comment_status":"closed","ping_status":"closed","template":"","meta":{"_monsterinsights_skip_tracking":false,"_monsterinsights_sitenote_active":false,"_monsterinsights_sitenote_note":"","_monsterinsights_sitenote_category":0,"advanced_seo_description":"","jetpack_seo_html_title":"","jetpack_seo_noindex":false},"product_brand":[],"product_cat":[18],"product_tag":[],"class_list":{"0":"post-22","1":"product","2":"type-product","3":"status-publish","4":"has-post-thumbnail","6":"product_cat-wandgeraete","7":"product_shipping_class-gross","9":"first","10":"instock","11":"taxable","12":"shipping-taxable","13":"purchasable","14":"product-type-variable","15":"has-default-attributes"},"jetpack_sharing_enabled":true,"_links":{"self":[{"href":"https:\/\/varor.de\/en\/wp-json\/wp\/v2\/product\/22","targetHints":{"allow":["GET"]}}],"collection":[{"href":"https:\/\/varor.de\/en\/wp-json\/wp\/v2\/product"}],"about":[{"href":"https:\/\/varor.de\/en\/wp-json\/wp\/v2\/types\/product"}],"replies":[{"embeddable":true,"href":"https:\/\/varor.de\/en\/wp-json\/wp\/v2\/comments?post=22"}],"wp:featuredmedia":[{"embeddable":true,"href":"https:\/\/varor.de\/en\/wp-json\/wp\/v2\/media\/28"}],"wp:attachment":[{"href":"https:\/\/varor.de\/en\/wp-json\/wp\/v2\/media?parent=22"}],"wp:term":[{"taxonomy":"product_brand","embeddable":true,"href":"https:\/\/varor.de\/en\/wp-json\/wp\/v2\/product_brand?post=22"},{"taxonomy":"product_cat","embeddable":true,"href":"https:\/\/varor.de\/en\/wp-json\/wp\/v2\/product_cat?post=22"},{"taxonomy":"product_tag","embeddable":true,"href":"https:\/\/varor.de\/en\/wp-json\/wp\/v2\/product_tag?post=22"}],"curies":[{"name":"wp","href":"https:\/\/api.w.org\/{rel}","templated":true}]}}