{"id":1138,"date":"2024-06-27T07:30:26","date_gmt":"2024-06-27T07:30:26","guid":{"rendered":"https:\/\/varor.de\/?post_type=product&#038;p=1138"},"modified":"2024-07-03T08:48:35","modified_gmt":"2024-07-03T08:48:35","slug":"wandhalterung-fuer-klimaanlagen","status":"publish","type":"product","link":"https:\/\/varor.de\/en\/shop\/klimatechnik-zubehoer\/wandhalterung-fuer-klimaanlagen\/","title":{"rendered":"Wandhalterung f\u00fcr Klimaanlagen"},"content":{"rendered":"<h4>Universal Wandhalterung f\u00fcr Klima- und Split-Klimager\u00e4te<\/h4>\n<ul>\n<li>Einfache Installation<\/li>\n<li>Feuerverzinkt und Wetterfest<\/li>\n<li>Lastgewicht bis zu 200KG<\/li>\n<li>Inklusive Anti-Vibrations-Gummis<\/li>\n<li>D\u00fcbeln\/Schrauben zur Montage<\/li>\n<li>Universal einsetzbar<\/li>\n<li>F\u00fcr alle g\u00e4ngigen Split-Klimaanlagen geeignet<\/li>\n<\/ul>\n<p><strong>Im Lieferumfang enthalten:<\/strong><\/p>\n<ul>\n<li>Befestigungsmaterial im Lieferumfang enthalten<\/li>\n<\/ul>","protected":false},"excerpt":{"rendered":"<p>Universal Wandhalterung f\u00fcr Klima- und Split-Klimager\u00e4te Einfache Installation Feuerverzinkt und Wetterfest Lastgewicht bis zu 200KG Inklusive Anti-Vibrations-Gummis D\u00fcbeln\/Schrauben zur Montage Universal einsetzbar F\u00fcr alle g\u00e4ngigen Split-Klimaanlagen geeignet Im Lieferumfang enthalten: Befestigungsmaterial im Lieferumfang enthalten<\/p>","protected":false},"featured_media":1241,"comment_status":"open","ping_status":"closed","template":"","meta":{"_monsterinsights_skip_tracking":false,"_monsterinsights_sitenote_active":false,"_monsterinsights_sitenote_note":"","_monsterinsights_sitenote_category":0,"advanced_seo_description":"","jetpack_seo_html_title":"","jetpack_seo_noindex":false},"product_brand":[],"product_cat":[62],"product_tag":[],"class_list":{"0":"post-1138","1":"product","2":"type-product","3":"status-publish","4":"has-post-thumbnail","6":"product_cat-klimatechnik-zubehoer","8":"first","9":"instock","10":"taxable","11":"shipping-taxable","12":"purchasable","13":"product-type-variable"},"jetpack_sharing_enabled":true,"_links":{"self":[{"href":"https:\/\/varor.de\/en\/wp-json\/wp\/v2\/product\/1138","targetHints":{"allow":["GET"]}}],"collection":[{"href":"https:\/\/varor.de\/en\/wp-json\/wp\/v2\/product"}],"about":[{"href":"https:\/\/varor.de\/en\/wp-json\/wp\/v2\/types\/product"}],"replies":[{"embeddable":true,"href":"https:\/\/varor.de\/en\/wp-json\/wp\/v2\/comments?post=1138"}],"wp:featuredmedia":[{"embeddable":true,"href":"https:\/\/varor.de\/en\/wp-json\/wp\/v2\/media\/1241"}],"wp:attachment":[{"href":"https:\/\/varor.de\/en\/wp-json\/wp\/v2\/media?parent=1138"}],"wp:term":[{"taxonomy":"product_brand","embeddable":true,"href":"https:\/\/varor.de\/en\/wp-json\/wp\/v2\/product_brand?post=1138"},{"taxonomy":"product_cat","embeddable":true,"href":"https:\/\/varor.de\/en\/wp-json\/wp\/v2\/product_cat?post=1138"},{"taxonomy":"product_tag","embeddable":true,"href":"https:\/\/varor.de\/en\/wp-json\/wp\/v2\/product_tag?post=1138"}],"curies":[{"name":"wp","href":"https:\/\/api.w.org\/{rel}","templated":true}]}}