{"id":1134,"date":"2024-06-13T10:14:32","date_gmt":"2024-06-13T10:14:32","guid":{"rendered":"https:\/\/varor.de\/?post_type=product&#038;p=1134"},"modified":"2024-06-18T08:37:52","modified_gmt":"2024-06-18T08:37:52","slug":"daempfungssockel-set-fuer-klimaanlagen","status":"publish","type":"product","link":"https:\/\/varor.de\/en\/shop\/klimatechnik-zubehoer\/daempfungssockel-set-fuer-klimaanlagen\/","title":{"rendered":"D\u00e4mpfungssockel-Set f\u00fcr Klimaanlagen"},"content":{"rendered":"<p>Die <strong>hochbelastbaren, langlebigen D\u00e4mpfungssockel von Varor<\/strong> sind die ideale L\u00f6sung f\u00fcr eine vibrationsarme und ger\u00e4uschged\u00e4mmte Aufstellung von Klimaau\u00dfenger\u00e4ten auf Boden und Flachd\u00e4chern.<\/p>\n<h4>Einfache Montage mit inkludiertem Schraubensatz<\/h4>\n<p>Die D\u00e4mpfungssockel sind so konzipiert, dass die Montage m\u00fchelos und schnell erfolgt. Der beiliegende Schraubensatz und die Aluminiumschienen gew\u00e4hrleisten eine problemlose Installation.<\/p>\n<h4>Stabilit\u00e4t durch Aluminiumschiene<\/h4>\n<p>Die integrierte Aluminiumschiene sorgt nicht nur f\u00fcr zus\u00e4tzliche Stabilit\u00e4t, sondern bietet auch eine praktische Befestigungsm\u00f6glichkeit f\u00fcr Rohrleitungen, Kabeltrassen oder L\u00fcftungskan\u00e4le. Dies erleichtert die Organisation und tr\u00e4gt zu einer aufger\u00e4umten und sicheren Umgebung bei.<\/p>\n<h4>Vorteile im \u00dcberblick:<\/h4>\n<ul>\n<li><strong>Hohe Tragkraft:<\/strong> F\u00fcr maximale Stabilit\u00e4t.<\/li>\n<li><strong>Einfache Montage:<\/strong> Inkludierter Schraubensatz f\u00fcr eine schnelle und unkomplizierte Installation.<\/li>\n<li><strong>Vibrationsd\u00e4mpfung:<\/strong> Reduziert durch recyceltem Gummi effektiv Vibrationen und Ger\u00e4usche.<\/li>\n<li><strong>Zus\u00e4tzliche Stabilit\u00e4t:<\/strong> Robuste Aluminiumschiene f\u00fcr extra Halt und praktische Leitungsbefestigung.<\/li>\n<\/ul>\n<p>&nbsp;<\/p>\n<p><strong>Lieferumfang: Das Set besteht aus 2* D\u00e4mpfungssockeln, je 4* Schiebemuttern, Unterlegscheiben, Sechskantmuttern und Libellen.<\/strong><\/p>","protected":false},"excerpt":{"rendered":"<p>Das Set besteht aus 2* D\u00e4mpfungssockeln, je 4* Schiebemuttern, Unterlegscheiben, Sechskantmuttern und Libellen.<\/p>","protected":false},"featured_media":1232,"comment_status":"open","ping_status":"closed","template":"","meta":{"_monsterinsights_skip_tracking":false,"_monsterinsights_sitenote_active":false,"_monsterinsights_sitenote_note":"","_monsterinsights_sitenote_category":0,"advanced_seo_description":"","jetpack_seo_html_title":"","jetpack_seo_noindex":false},"product_brand":[],"product_cat":[62],"product_tag":[],"class_list":{"0":"post-1134","1":"product","2":"type-product","3":"status-publish","4":"has-post-thumbnail","6":"product_cat-klimatechnik-zubehoer","8":"first","9":"instock","10":"taxable","11":"shipping-taxable","12":"purchasable","13":"product-type-variable"},"jetpack_sharing_enabled":true,"_links":{"self":[{"href":"https:\/\/varor.de\/en\/wp-json\/wp\/v2\/product\/1134","targetHints":{"allow":["GET"]}}],"collection":[{"href":"https:\/\/varor.de\/en\/wp-json\/wp\/v2\/product"}],"about":[{"href":"https:\/\/varor.de\/en\/wp-json\/wp\/v2\/types\/product"}],"replies":[{"embeddable":true,"href":"https:\/\/varor.de\/en\/wp-json\/wp\/v2\/comments?post=1134"}],"wp:featuredmedia":[{"embeddable":true,"href":"https:\/\/varor.de\/en\/wp-json\/wp\/v2\/media\/1232"}],"wp:attachment":[{"href":"https:\/\/varor.de\/en\/wp-json\/wp\/v2\/media?parent=1134"}],"wp:term":[{"taxonomy":"product_brand","embeddable":true,"href":"https:\/\/varor.de\/en\/wp-json\/wp\/v2\/product_brand?post=1134"},{"taxonomy":"product_cat","embeddable":true,"href":"https:\/\/varor.de\/en\/wp-json\/wp\/v2\/product_cat?post=1134"},{"taxonomy":"product_tag","embeddable":true,"href":"https:\/\/varor.de\/en\/wp-json\/wp\/v2\/product_tag?post=1134"}],"curies":[{"name":"wp","href":"https:\/\/api.w.org\/{rel}","templated":true}]}}