{"id":38,"date":"2023-04-26T12:20:58","date_gmt":"2023-04-26T12:20:58","guid":{"rendered":"https:\/\/varor.de\/impressum"},"modified":"2025-09-29T11:15:42","modified_gmt":"2025-09-29T09:15:42","slug":"impressum","status":"publish","type":"page","link":"https:\/\/varor.de\/en\/impressum\/","title":{"rendered":"About Us"},"content":{"rendered":"<p><strong>Varor<\/strong> &#8211;<br>e<strong>ine Marke der<a href=\"https:\/\/careunit-service.de\/\"> CareUnit Service GmbH<\/a><br>Josef-Haumann-Stra\u00dfe 13<br>44866 Bochum<\/strong><\/p>\n\n\n\n<p>Telefon: +<strong>49 (0) 23 27 621 42 50<\/strong><br>Fax:&nbsp;<strong>+49 (0) 23 27 621 42 60<\/strong><br>E-Mail:<strong> info@varor.de<\/strong><\/p>\n\n\n\n<p>Internet: <strong>www.varor.de<\/strong><\/p>\n\n\n\n<p><\/p>\n\n\n\n<p>Gerichtsstand: Bochum<br>Handelsregister: HRB (Amtsgericht Bochum)<br>HR 14097<br>Gesch\u00e4ftsf\u00fchrer: Sebastian Ollbrink, Benjamin Ollbrink<\/p>\n\n\n\n<p><\/p>\n\n\n\n<p><\/p>\n\n\n\n<p><strong>Haftungsbeschr\u00e4nkung<\/strong><\/p>\n\n\n\n<p>Die Inhalte dieser Website werden mit gr\u00f6\u00dftm\u00f6glicher Sorgfalt erstellt. Der Anbieter \u00fcbernimmt jedoch keine Gew\u00e4hr f\u00fcr die Richtigkeit, Vollst\u00e4ndigkeit und Aktualit\u00e4t der bereitgestellten Inhalte. Die Nutzung der Inhalte der Website erfolgt auf eigene Gefahr des Nutzers. Namentlich gekennzeichnete Beitr\u00e4ge geben die Meinung des jeweiligen Autors und nicht immer die Meinung des Anbieters wieder. Mit der reinen Nutzung der Website des Anbieters kommt keinerlei Vertragsverh\u00e4ltnis zwischen dem Nutzer und dem Anbieter zustande.<\/p>\n\n\n\n<p><strong>Urheberrecht \/ Verwertungsrechte<\/strong><\/p>\n\n\n\n<p>Die Ver\u00f6ffentlichungen auf diesen Seiten unterliegen dem deutschen Urheberrecht. Beitr\u00e4ge Dritter sind als solche gekennzeichnet. Vervielf\u00e4ltigung, Bearbeitung und jede Art der Verwertung au\u00dferhalb der Grenzen des Urheberrechtes bed\u00fcrfen der Zustimmung des jeweiligen Verfassers. Downloads und Kopien dieser Seiten sind nur f\u00fcr den privaten, nicht kommerziellen Gebrauch gestattet.<br>Sollten Sie Inhalte unserer Seiten oder Teile davon \u00fcbernehmen wollen, setzen Sie sich bitte mit uns in Verbindung.<\/p>\n\n\n\n<p><strong>Haftung f\u00fcr Links<\/strong><\/p>\n\n\n\n<p>Die aufgef\u00fchrten externen Links f\u00fchren zu Inhalten fremder Anbieter. F\u00fcr diese Inhalte ist allein der jeweilige Anbieter verantwortlich. Bei bekannt werden von Rechtsverletzungen werden diese Links umgehend entfernt.<\/p>\n\n\n<div class=\"woocommerce woocommerce-gzd woocommerce-gzd-complaints-shortcode\">\n\t\t\t<h3>Alternative Dispute Resolution in accordance with Art. 14 (1) ODR-VO and \u00a7 36 VSBG:<\/h3>\n\t\n<p>Zur Teilnahme an einem Streitbeilegungsverfahren vor einer Verbraucherschlichtungsstelle sind wir nicht verpflichtet und nicht bereit.<\/p>\n<\/div>","protected":false},"excerpt":{"rendered":"<p>Varor &#8211;eine Marke der CareUnit Service GmbHJosef-Haumann-Stra\u00dfe 1344866 Bochum Telefon: +49 (0) 23 27 621 42 50Fax:&nbsp;+49 (0) 23 27 621 42 60E-Mail: info@varor.de Internet: www.varor.de Gerichtsstand: BochumHandelsregister: HRB (Amtsgericht Bochum)HR 14097Gesch\u00e4ftsf\u00fchrer: Sebastian Ollbrink, Benjamin Ollbrink Haftungsbeschr\u00e4nkung Die Inhalte dieser Website werden mit gr\u00f6\u00dftm\u00f6glicher Sorgfalt erstellt. Der Anbieter \u00fcbernimmt jedoch keine Gew\u00e4hr f\u00fcr die Richtigkeit, [&hellip;]<\/p>\n","protected":false},"author":1,"featured_media":0,"parent":0,"menu_order":0,"comment_status":"closed","ping_status":"closed","template":"","meta":{"_monsterinsights_skip_tracking":false,"_monsterinsights_sitenote_active":false,"_monsterinsights_sitenote_note":"","_monsterinsights_sitenote_category":0,"advanced_seo_description":"","jetpack_seo_html_title":"","jetpack_seo_noindex":false,"footnotes":""},"class_list":["post-38","page","type-page","status-publish","hentry"],"jetpack_sharing_enabled":true,"_links":{"self":[{"href":"https:\/\/varor.de\/en\/wp-json\/wp\/v2\/pages\/38","targetHints":{"allow":["GET"]}}],"collection":[{"href":"https:\/\/varor.de\/en\/wp-json\/wp\/v2\/pages"}],"about":[{"href":"https:\/\/varor.de\/en\/wp-json\/wp\/v2\/types\/page"}],"author":[{"embeddable":true,"href":"https:\/\/varor.de\/en\/wp-json\/wp\/v2\/users\/1"}],"replies":[{"embeddable":true,"href":"https:\/\/varor.de\/en\/wp-json\/wp\/v2\/comments?post=38"}],"version-history":[{"count":7,"href":"https:\/\/varor.de\/en\/wp-json\/wp\/v2\/pages\/38\/revisions"}],"predecessor-version":[{"id":1603,"href":"https:\/\/varor.de\/en\/wp-json\/wp\/v2\/pages\/38\/revisions\/1603"}],"wp:attachment":[{"href":"https:\/\/varor.de\/en\/wp-json\/wp\/v2\/media?parent=38"}],"curies":[{"name":"wp","href":"https:\/\/api.w.org\/{rel}","templated":true}]}}